{"id":1254,"date":"2020-02-19T17:28:19","date_gmt":"2020-02-19T14:28:19","guid":{"rendered":"https:\/\/www.mecaz.com.tr\/index.php\/iletisim-formu\/"},"modified":"2020-02-19T17:28:19","modified_gmt":"2020-02-19T14:28:19","slug":"iletisim-formu","status":"publish","type":"page","link":"https:\/\/www.mecaz.com.tr\/index.php\/iletisim-formu\/","title":{"rendered":"\u0130leti\u015fim Formu"},"content":{"rendered":"        <script type=\"text\/javascript\">\n         function cp_contactformtoemail_pform_doValidate_1(form)\n         {\n            document.cp_contactformtoemail_pform_1.cp_ref_page.value = document.location;\n            $dexQuery = jQuery.noConflict();            if (document.cp_contactformtoemail_pform_1.hdcaptcha_cp_contactformtoemail_post.value == '') { setTimeout( \"cp_contactformtoemail_cerror_1()\", 100); return false; }\n            var result = $dexQuery.ajax({ type: \"GET\", url: \"\/?ps=_1&cp_contactformtoemail_pform_process=2&cp_contactformtoemail_id=1&inAdmin=1&ps=_1&hdcaptcha_cp_contactformtoemail_post=\"+document.cp_contactformtoemail_pform_1.hdcaptcha_cp_contactformtoemail_post.value, async: false }).responseText;\n            if (result.indexOf(\"captchafailed\") != -1) {\n                $dexQuery(\"#captchaimg_1\").attr('src', $dexQuery(\"#captchaimg_1\").attr('src')+'&'+Math.floor((Math.random() * 99999) + 1));\n                setTimeout( \"cp_contactformtoemail_cerror_1()\", 100);\n                return false;\n            } else             {\n                var cpefb_error = 0;\n                $dexQuery(\"#cp_contactformtoemail_pform_1\").find(\".cpefb_error\").each(function(index){\n                    if ($dexQuery(this).css(\"display\")!=\"none\")\n                        cpefb_error++;\n                    });\n                if (cpefb_error) return false;\n                if (document.cp_contactformtoemail_pform_1.cp_contactformtoemail_pform_status.value != '0')\n                           return false;\n                document.getElementById(\"refpage_1\").value = document.location;\n                cfte_blink(\".pbSubmit\");\n                document.cp_contactformtoemail_pform_1.cp_contactformtoemail_pform_status.value = '2';document.cp_contactformtoemail_pform_1.cp_contactformtoemail_pform_status.value = '1';\n                       $dexQuery.ajax({\n                         type: \"POST\",\n                         url: '',\n                         data: $dexQuery(\"#cp_contactformtoemail_pform_1\").serialize(),\n                         success: function(data)\n                         {\n                             document.cp_contactformtoemail_pform_1.cp_contactformtoemail_pform_status.value = '0';\n                                                              document.getElementById('cp_contactformtoemail_pform_1').innerHTML ='<a id=\"cftejump\"><\/a>Mesaj\u0131n\u0131z g\u00f6nderildi. Te\u015fekk\u00fcr ederiz. Mesaj\u0131n\u0131z en k\u0131sa s\u00fcre i\u00e7erisinde incelenecek ve de\u011ferlendirmeye al\u0131nacakt\u0131r.';\n                                 var tag = $dexQuery(\"#cftejump\");\n                                 $dexQuery('html,body').animate({scrollTop: tag.offset().top-60},'fast');\n                                                        }\n                       });\n                       return false;\n                                }\n         }\n         function cfte_blink(selector){\n                 try {\n                     $dexQuery = jQuery.noConflict();\n                     $dexQuery(selector).fadeOut(700, function(){\n                         $dexQuery(this).fadeIn(700, function(){\n                             try {\n                                 if (document.cp_contactformtoemail_pform_1.cp_contactformtoemail_pform_status.value != '0')\n                                     cfte_blink(this);\n                             } catch (e) {}\n                         });\n                     });\n                 } catch (e) {}\n         }\n         function cp_contactformtoemail_cerror_1(){$dexQuery = jQuery.noConflict();$dexQuery(\"#hdcaptcha_error_1\").css('top',$dexQuery(\"#hdcaptcha_cp_contactformtoemail_post_1\").outerHeight());$dexQuery(\"#hdcaptcha_error_1\").css(\"display\",\"inline\");}\n        <\/script>\n        <div id=\"cftedialog\" style=\"display:none;\">Mesaj\u0131n\u0131z g\u00f6nderildi. Te\u015fekk\u00fcr ederiz. Mesaj\u0131n\u0131z en k\u0131sa s\u00fcre i\u00e7erisinde incelenecek ve de\u011ferlendirmeye al\u0131nacakt\u0131r.<\/div>\n        <form class=\"cpp_form no-prefetch\" name=\"cp_contactformtoemail_pform_1\" id=\"cp_contactformtoemail_pform_1\" action=\"\/index.php\/iletisim-formu\/?ahbnocache=404530\" method=\"post\" enctype=\"multipart\/form-data\" onsubmit=\"return cp_contactformtoemail_pform_doValidate_1(this);\"><input type=\"hidden\" name=\"cp_pform_psequence\" value=\"_1\" \/><input type=\"hidden\" name=\"cp_contactformtoemail_pform_process\" value=\"1\" \/><input type=\"hidden\" name=\"cp_contactformtoemail_id\" value=\"1\" \/><input type=\"hidden\" name=\"cp_ref_page\" value=\"\" \/><input type=\"hidden\" name=\"form_structure_1\" id=\"form_structure_1\" size=\"180\" value=\"[[{&quot;name&quot;:&quot;email&quot;,&quot;index&quot;:0,&quot;title&quot;:&quot;E-Posta adresiniz&quot;,&quot;ftype&quot;:&quot;femail&quot;,&quot;userhelp&quot;:&quot;&quot;,&quot;csslayout&quot;:&quot;&quot;,&quot;required&quot;:true,&quot;predefined&quot;:&quot;&quot;,&quot;size&quot;:&quot;medium&quot;,&quot;shortlabel&quot;:&quot;&quot;,&quot;userhelpTooltip&quot;:&quot;&quot;,&quot;predefinedClick&quot;:false,&quot;equalTo&quot;:&quot;&quot;},{&quot;name&quot;:&quot;subject&quot;,&quot;index&quot;:1,&quot;title&quot;:&quot;Konu&quot;,&quot;required&quot;:true,&quot;ftype&quot;:&quot;ftext&quot;,&quot;userhelp&quot;:&quot;&quot;,&quot;csslayout&quot;:&quot;&quot;,&quot;predefined&quot;:&quot;&quot;,&quot;size&quot;:&quot;medium&quot;,&quot;shortlabel&quot;:&quot;&quot;,&quot;userhelpTooltip&quot;:&quot;&quot;,&quot;predefinedClick&quot;:false,&quot;minlength&quot;:&quot;&quot;,&quot;maxlength&quot;:&quot;&quot;,&quot;equalTo&quot;:&quot;&quot;},{&quot;name&quot;:&quot;message&quot;,&quot;index&quot;:2,&quot;size&quot;:&quot;large&quot;,&quot;required&quot;:true,&quot;title&quot;:&quot;Mesaj\\u0131n\\u0131z&quot;,&quot;ftype&quot;:&quot;ftextarea&quot;,&quot;userhelp&quot;:&quot;&quot;,&quot;csslayout&quot;:&quot;&quot;,&quot;predefined&quot;:&quot;&quot;,&quot;shortlabel&quot;:&quot;&quot;,&quot;userhelpTooltip&quot;:&quot;&quot;,&quot;predefinedClick&quot;:false,&quot;minlength&quot;:&quot;&quot;,&quot;maxlength&quot;:&quot;&quot;}],[{&quot;title&quot;:&quot;Bize ula\\u015f\\u0131n...&quot;,&quot;description&quot;:&quot;\\u0130leti\\u015fim formu \\u00fczerinden firmam\\u0131zla h\\u0131zla ve kolayca ileti\\u015fim kurabilirsiniz.&quot;,&quot;formlayout&quot;:&quot;top_aligned&quot;}]]\" \/><input type=\"hidden\" name=\"refpage_1\" id=\"refpage_1\" value=\"\"><input type=\"hidden\" name=\"cp_contactformtoemail_pform_status\" value=\"0\" \/><input name=\"anonce\" type=\"hidden\" value=\"10eeee8bac\"\/><input name=\"cftehp\" id=\"cftehp_1\" type=\"hidden\" value=\"1\"\/>\r\n<div id=\"fbuilder\">    \r\n    <div id=\"fbuilder_1\">\r\n        <div id=\"formheader_1\"><\/div>\r\n        <div id=\"fieldlist_1\"><\/div>\r\n    <\/div>\r\n<\/div>    \r\n<div style=\"display:none\">\r\n<input name=\"cftecontrolmessage\" type=\"text\" value=\"\"\/> \r\n<div id=\"cpcaptchalayer_1\" class=\"cpcaptchalayer\">\r\n  G\u00fcvenlik Kodu::<br \/>\r\n  <img decoding=\"async\" src=\"\/?cp_contactformtoemail_captcha=captcha&ps=_1&inAdmin=1&width=170&height=65&letter_count=5&min_size=25&max_size=30&noise=190&noiselength=4&bcolor=ffffff&border=000000&font=font-3.ttf\"  id=\"captchaimg_1\" alt=\"security code\" border=\"0\" class=\"skip-lazy\"  \/>\r\n  <br \/>L\u00fctfen Kodu girin:<br \/>\r\n  <div class=\"dfield\"><input type=\"text\" size=\"20\" name=\"hdcaptcha_cp_contactformtoemail_post\" id=\"hdcaptcha_cp_contactformtoemail_post_1\" value=\"\" \/>\r\n  <div class=\"cpefb_error message\" id=\"hdcaptcha_error_1\" generated=\"true\" style=\"display:none;position: absolute; left: 0px; top: 25px;\">L\u00fctfen yukar\u0131daki g\u00f6rselde bulunan 5 harfli captcha g\u00fcvenlik kodunu giriniz.<\/div>\r\n  <\/div><br \/>  \r\n<\/div>\r\n<\/div>\r\n<div id=\"cp_subbtn_1\" class=\"cp_subbtn\">G\u00f6nder<\/div>\r\n<\/form>\r\n<script>\r\ntry{document.getElementById(\"cftehp_1\").value=\"25\";}catch(e){}\r\n<\/script>\r\n\n","protected":false},"excerpt":{"rendered":"","protected":false},"author":1,"featured_media":0,"parent":0,"menu_order":0,"comment_status":"closed","ping_status":"closed","template":"","meta":{"footnotes":""},"class_list":["post-1254","page","type-page","status-publish","hentry"],"yoast_head":"<!-- This site is optimized with the Yoast SEO plugin v26.3 - https:\/\/yoast.com\/wordpress\/plugins\/seo\/ -->\n<title>\u0130leti\u015fim Formu | Mecaz Bilgisayar Ltd. \u015eti.<\/title>\n<meta name=\"robots\" content=\"index, follow, max-snippet:-1, max-image-preview:large, max-video-preview:-1\" \/>\n<link rel=\"canonical\" href=\"https:\/\/www.mecaz.com.tr\/index.php\/iletisim-formu\/\" \/>\n<meta property=\"og:locale\" content=\"tr_TR\" \/>\n<meta property=\"og:type\" content=\"article\" \/>\n<meta property=\"og:title\" content=\"\u0130leti\u015fim Formu | Mecaz Bilgisayar Ltd. \u015eti.\" \/>\n<meta property=\"og:url\" content=\"https:\/\/www.mecaz.com.tr\/index.php\/iletisim-formu\/\" \/>\n<meta property=\"og:site_name\" content=\"Mecaz Bilgisayar Ltd. \u015eti.\" \/>\n<meta property=\"article:publisher\" content=\"https:\/\/www.facebook.com\/mecazbilgisayar\/\" \/>\n<meta name=\"twitter:card\" content=\"summary_large_image\" \/>\n<meta name=\"twitter:site\" content=\"@MecazBilgisayar\" \/>\n<script type=\"application\/ld+json\" class=\"yoast-schema-graph\">{\"@context\":\"https:\/\/schema.org\",\"@graph\":[{\"@type\":\"WebPage\",\"@id\":\"https:\/\/www.mecaz.com.tr\/index.php\/iletisim-formu\/\",\"url\":\"https:\/\/www.mecaz.com.tr\/index.php\/iletisim-formu\/\",\"name\":\"\u0130leti\u015fim Formu | Mecaz Bilgisayar Ltd. \u015eti.\",\"isPartOf\":{\"@id\":\"https:\/\/www.mecaz.com.tr\/#website\"},\"datePublished\":\"2020-02-19T14:28:19+00:00\",\"breadcrumb\":{\"@id\":\"https:\/\/www.mecaz.com.tr\/index.php\/iletisim-formu\/#breadcrumb\"},\"inLanguage\":\"tr\",\"potentialAction\":[{\"@type\":\"ReadAction\",\"target\":[\"https:\/\/www.mecaz.com.tr\/index.php\/iletisim-formu\/\"]}]},{\"@type\":\"BreadcrumbList\",\"@id\":\"https:\/\/www.mecaz.com.tr\/index.php\/iletisim-formu\/#breadcrumb\",\"itemListElement\":[{\"@type\":\"ListItem\",\"position\":1,\"name\":\"Ana sayfa\",\"item\":\"https:\/\/www.mecaz.com.tr\/\"},{\"@type\":\"ListItem\",\"position\":2,\"name\":\"\u0130leti\u015fim Formu\"}]},{\"@type\":\"WebSite\",\"@id\":\"https:\/\/www.mecaz.com.tr\/#website\",\"url\":\"https:\/\/www.mecaz.com.tr\/\",\"name\":\"Mecaz Bilgisayar Ltd. \u015eti.\",\"description\":\"Donan\u0131m &amp; Yaz\u0131l\u0131m &amp; Tasar\u0131m\",\"publisher\":{\"@id\":\"https:\/\/www.mecaz.com.tr\/#organization\"},\"potentialAction\":[{\"@type\":\"SearchAction\",\"target\":{\"@type\":\"EntryPoint\",\"urlTemplate\":\"https:\/\/www.mecaz.com.tr\/?s={search_term_string}\"},\"query-input\":{\"@type\":\"PropertyValueSpecification\",\"valueRequired\":true,\"valueName\":\"search_term_string\"}}],\"inLanguage\":\"tr\"},{\"@type\":\"Organization\",\"@id\":\"https:\/\/www.mecaz.com.tr\/#organization\",\"name\":\"Mecaz Bilgisayar Ltd. \u015eti.\",\"url\":\"https:\/\/www.mecaz.com.tr\/\",\"logo\":{\"@type\":\"ImageObject\",\"inLanguage\":\"tr\",\"@id\":\"https:\/\/www.mecaz.com.tr\/#\/schema\/logo\/image\/\",\"url\":\"https:\/\/www.mecaz.com.tr\/wp-content\/uploads\/2019\/04\/boingball-500-e1554896720716.jpg\",\"contentUrl\":\"https:\/\/www.mecaz.com.tr\/wp-content\/uploads\/2019\/04\/boingball-500-e1554896720716.jpg\",\"width\":90,\"height\":90,\"caption\":\"Mecaz Bilgisayar Ltd. \u015eti.\"},\"image\":{\"@id\":\"https:\/\/www.mecaz.com.tr\/#\/schema\/logo\/image\/\"},\"sameAs\":[\"https:\/\/www.facebook.com\/mecazbilgisayar\/\",\"https:\/\/x.com\/MecazBilgisayar\",\"https:\/\/www.youtube.com\/channel\/UC6y1BrX3qqluARl6MX8Ar3Q\"]}]}<\/script>\n<!-- \/ Yoast SEO plugin. -->","yoast_head_json":{"title":"\u0130leti\u015fim Formu | Mecaz Bilgisayar Ltd. \u015eti.","robots":{"index":"index","follow":"follow","max-snippet":"max-snippet:-1","max-image-preview":"max-image-preview:large","max-video-preview":"max-video-preview:-1"},"canonical":"https:\/\/www.mecaz.com.tr\/index.php\/iletisim-formu\/","og_locale":"tr_TR","og_type":"article","og_title":"\u0130leti\u015fim Formu | Mecaz Bilgisayar Ltd. \u015eti.","og_url":"https:\/\/www.mecaz.com.tr\/index.php\/iletisim-formu\/","og_site_name":"Mecaz Bilgisayar Ltd. \u015eti.","article_publisher":"https:\/\/www.facebook.com\/mecazbilgisayar\/","twitter_card":"summary_large_image","twitter_site":"@MecazBilgisayar","schema":{"@context":"https:\/\/schema.org","@graph":[{"@type":"WebPage","@id":"https:\/\/www.mecaz.com.tr\/index.php\/iletisim-formu\/","url":"https:\/\/www.mecaz.com.tr\/index.php\/iletisim-formu\/","name":"\u0130leti\u015fim Formu | Mecaz Bilgisayar Ltd. \u015eti.","isPartOf":{"@id":"https:\/\/www.mecaz.com.tr\/#website"},"datePublished":"2020-02-19T14:28:19+00:00","breadcrumb":{"@id":"https:\/\/www.mecaz.com.tr\/index.php\/iletisim-formu\/#breadcrumb"},"inLanguage":"tr","potentialAction":[{"@type":"ReadAction","target":["https:\/\/www.mecaz.com.tr\/index.php\/iletisim-formu\/"]}]},{"@type":"BreadcrumbList","@id":"https:\/\/www.mecaz.com.tr\/index.php\/iletisim-formu\/#breadcrumb","itemListElement":[{"@type":"ListItem","position":1,"name":"Ana sayfa","item":"https:\/\/www.mecaz.com.tr\/"},{"@type":"ListItem","position":2,"name":"\u0130leti\u015fim Formu"}]},{"@type":"WebSite","@id":"https:\/\/www.mecaz.com.tr\/#website","url":"https:\/\/www.mecaz.com.tr\/","name":"Mecaz Bilgisayar Ltd. \u015eti.","description":"Donan\u0131m &amp; Yaz\u0131l\u0131m &amp; Tasar\u0131m","publisher":{"@id":"https:\/\/www.mecaz.com.tr\/#organization"},"potentialAction":[{"@type":"SearchAction","target":{"@type":"EntryPoint","urlTemplate":"https:\/\/www.mecaz.com.tr\/?s={search_term_string}"},"query-input":{"@type":"PropertyValueSpecification","valueRequired":true,"valueName":"search_term_string"}}],"inLanguage":"tr"},{"@type":"Organization","@id":"https:\/\/www.mecaz.com.tr\/#organization","name":"Mecaz Bilgisayar Ltd. \u015eti.","url":"https:\/\/www.mecaz.com.tr\/","logo":{"@type":"ImageObject","inLanguage":"tr","@id":"https:\/\/www.mecaz.com.tr\/#\/schema\/logo\/image\/","url":"https:\/\/www.mecaz.com.tr\/wp-content\/uploads\/2019\/04\/boingball-500-e1554896720716.jpg","contentUrl":"https:\/\/www.mecaz.com.tr\/wp-content\/uploads\/2019\/04\/boingball-500-e1554896720716.jpg","width":90,"height":90,"caption":"Mecaz Bilgisayar Ltd. \u015eti."},"image":{"@id":"https:\/\/www.mecaz.com.tr\/#\/schema\/logo\/image\/"},"sameAs":["https:\/\/www.facebook.com\/mecazbilgisayar\/","https:\/\/x.com\/MecazBilgisayar","https:\/\/www.youtube.com\/channel\/UC6y1BrX3qqluARl6MX8Ar3Q"]}]}},"_links":{"self":[{"href":"https:\/\/www.mecaz.com.tr\/index.php\/wp-json\/wp\/v2\/pages\/1254","targetHints":{"allow":["GET"]}}],"collection":[{"href":"https:\/\/www.mecaz.com.tr\/index.php\/wp-json\/wp\/v2\/pages"}],"about":[{"href":"https:\/\/www.mecaz.com.tr\/index.php\/wp-json\/wp\/v2\/types\/page"}],"author":[{"embeddable":true,"href":"https:\/\/www.mecaz.com.tr\/index.php\/wp-json\/wp\/v2\/users\/1"}],"replies":[{"embeddable":true,"href":"https:\/\/www.mecaz.com.tr\/index.php\/wp-json\/wp\/v2\/comments?post=1254"}],"version-history":[{"count":0,"href":"https:\/\/www.mecaz.com.tr\/index.php\/wp-json\/wp\/v2\/pages\/1254\/revisions"}],"wp:attachment":[{"href":"https:\/\/www.mecaz.com.tr\/index.php\/wp-json\/wp\/v2\/media?parent=1254"}],"curies":[{"name":"wp","href":"https:\/\/api.w.org\/{rel}","templated":true}]}}