{"id":17,"date":"2017-01-02T08:36:21","date_gmt":"2017-01-02T08:36:21","guid":{"rendered":"https:\/\/demo.themegrill.com\/flash-default-2\/?page_id=17"},"modified":"2020-07-15T17:04:43","modified_gmt":"2020-07-15T14:04:43","slug":"about","status":"publish","type":"page","link":"https:\/\/www.mecaz.com.tr\/index.php\/about\/","title":{"rendered":"Hakk\u0131m\u0131zda"},"content":{"rendered":"\n<p>Mecaz Ltd. \u015eti. 2008 y\u0131l\u0131nda kuruldu. Ekibimiz ise 1986&#8217;dan bu yana sekt\u00f6rde faaliyet g\u00f6stermekte. 30 y\u0131l\u0131 a\u015fk\u0131n  bilgi birikimi ve deneyim ile sekt\u00f6r\u00fcn geli\u015fimine katk\u0131da bulunmaya  \u00e7al\u0131\u015f\u0131yoruz.<\/p>\n\n\n\n<p>Ak\u0131lc\u0131 ve kal\u0131c\u0131 \u00e7\u00f6z\u00fcmler \u00fcretmeye;  m\u00fc\u015fterilerimizin memnuniyeti i\u00e7in \u00e7e\u015fitli alternatifler sunarak, her  zaman en iyi sonuca ula\u015fmaya gayret g\u00f6steriyoruz.<\/p>\n\n\n\n<p>Kurulu\u015fumuzdan bu yana, faaliyet g\u00f6sterdi\u011fimiz t\u00fcm \nalanlarda sekt\u00f6rde s\u00f6z sahibi olmak ad\u0131na t\u00fcm g\u00fcc\u00fcm\u00fczle \u00e7al\u0131\u015fmaya devam \nediyoruz.<\/p>\n\n\n\n<p>Mecaz Ltd. \u015eti. sekt\u00f6r dahilinde \u00e7e\u015fitli kollarda faaliyetlerine devam ediyor. Mecaz Bilgisayar, kurumsal  sat\u0131\u015f ve bayilik sistemi ile lokomotif g\u00f6revini \u00fcstlenirken, perakende sat\u0131\u015f ma\u011fazam\u0131zda  son kullan\u0131c\u0131ya y\u00f6nelik sat\u0131\u015f hizmeti sunuluyor. Mecaz  Hosting ise ki\u015fisel ve kurumsal \u00e7ok say\u0131da internet sitesine bar\u0131nd\u0131rma  hizmeti sa\u011fl\u0131yor. Mecaz Tasar\u0131m ekibimiz grafik tasar\u0131m, reklam &amp;  promosyon hizmetleri ve web sitesi tasar\u0131m\u0131 alanlar\u0131nda faaliyet  g\u00f6steriyor. Mecaz Yaz\u0131l\u0131m masa\u00fcst\u00fc (Windows, MacOS, Linux) ve mobil  (Android, iOS) cihazlar i\u00e7in uygulamalar geli\u015ftiriyor. Aldimseni.com online al\u0131\u015fveri\u015f sitemizde ise t\u00fcm T\u00fcrkiye&#8217;ye internet  \u00fczerinden online al\u0131\u015fveri\u015f imkan\u0131 sunuyoruz.<\/p>\n","protected":false},"excerpt":{"rendered":"<p>Mecaz Ltd. \u015eti. 2008 y\u0131l\u0131nda kuruldu. Ekibimiz ise 1986&#8217;dan bu yana sekt\u00f6rde faaliyet g\u00f6stermekte. 30 y\u0131l\u0131 a\u015fk\u0131n bilgi birikimi ve [&hellip;]<\/p>\n","protected":false},"author":1,"featured_media":0,"parent":0,"menu_order":0,"comment_status":"closed","ping_status":"closed","template":"","meta":{"footnotes":""},"class_list":["post-17","page","type-page","status-publish","hentry"],"yoast_head":"<!-- This site is optimized with the Yoast SEO plugin v26.3 - https:\/\/yoast.com\/wordpress\/plugins\/seo\/ -->\n<title>Hakk\u0131m\u0131zda | Mecaz Bilgisayar Ltd. \u015eti.<\/title>\n<meta name=\"robots\" content=\"index, follow, max-snippet:-1, max-image-preview:large, max-video-preview:-1\" \/>\n<link rel=\"canonical\" href=\"https:\/\/www.mecaz.com.tr\/index.php\/about\/\" \/>\n<meta property=\"og:locale\" content=\"tr_TR\" \/>\n<meta property=\"og:type\" content=\"article\" \/>\n<meta property=\"og:title\" content=\"Hakk\u0131m\u0131zda | Mecaz Bilgisayar Ltd. \u015eti.\" \/>\n<meta property=\"og:description\" content=\"Mecaz Ltd. \u015eti. 2008 y\u0131l\u0131nda kuruldu. Ekibimiz ise 1986&#8217;dan bu yana sekt\u00f6rde faaliyet g\u00f6stermekte. 30 y\u0131l\u0131 a\u015fk\u0131n bilgi birikimi ve [&hellip;]\" \/>\n<meta property=\"og:url\" content=\"https:\/\/www.mecaz.com.tr\/index.php\/about\/\" \/>\n<meta property=\"og:site_name\" content=\"Mecaz Bilgisayar Ltd. \u015eti.\" \/>\n<meta property=\"article:publisher\" content=\"https:\/\/www.facebook.com\/mecazbilgisayar\/\" \/>\n<meta property=\"article:modified_time\" content=\"2020-07-15T14:04:43+00:00\" \/>\n<meta name=\"twitter:card\" content=\"summary_large_image\" \/>\n<meta name=\"twitter:site\" content=\"@MecazBilgisayar\" \/>\n<meta name=\"twitter:label1\" content=\"Tahmini okuma s\u00fcresi\" \/>\n\t<meta name=\"twitter:data1\" content=\"1 dakika\" \/>\n<script type=\"application\/ld+json\" class=\"yoast-schema-graph\">{\"@context\":\"https:\/\/schema.org\",\"@graph\":[{\"@type\":\"WebPage\",\"@id\":\"https:\/\/www.mecaz.com.tr\/index.php\/about\/\",\"url\":\"https:\/\/www.mecaz.com.tr\/index.php\/about\/\",\"name\":\"Hakk\u0131m\u0131zda | Mecaz Bilgisayar Ltd. \u015eti.\",\"isPartOf\":{\"@id\":\"https:\/\/www.mecaz.com.tr\/#website\"},\"datePublished\":\"2017-01-02T08:36:21+00:00\",\"dateModified\":\"2020-07-15T14:04:43+00:00\",\"breadcrumb\":{\"@id\":\"https:\/\/www.mecaz.com.tr\/index.php\/about\/#breadcrumb\"},\"inLanguage\":\"tr\",\"potentialAction\":[{\"@type\":\"ReadAction\",\"target\":[\"https:\/\/www.mecaz.com.tr\/index.php\/about\/\"]}]},{\"@type\":\"BreadcrumbList\",\"@id\":\"https:\/\/www.mecaz.com.tr\/index.php\/about\/#breadcrumb\",\"itemListElement\":[{\"@type\":\"ListItem\",\"position\":1,\"name\":\"Ana sayfa\",\"item\":\"https:\/\/www.mecaz.com.tr\/\"},{\"@type\":\"ListItem\",\"position\":2,\"name\":\"Hakk\u0131m\u0131zda\"}]},{\"@type\":\"WebSite\",\"@id\":\"https:\/\/www.mecaz.com.tr\/#website\",\"url\":\"https:\/\/www.mecaz.com.tr\/\",\"name\":\"Mecaz Bilgisayar Ltd. \u015eti.\",\"description\":\"Donan\u0131m &amp; Yaz\u0131l\u0131m &amp; Tasar\u0131m\",\"publisher\":{\"@id\":\"https:\/\/www.mecaz.com.tr\/#organization\"},\"potentialAction\":[{\"@type\":\"SearchAction\",\"target\":{\"@type\":\"EntryPoint\",\"urlTemplate\":\"https:\/\/www.mecaz.com.tr\/?s={search_term_string}\"},\"query-input\":{\"@type\":\"PropertyValueSpecification\",\"valueRequired\":true,\"valueName\":\"search_term_string\"}}],\"inLanguage\":\"tr\"},{\"@type\":\"Organization\",\"@id\":\"https:\/\/www.mecaz.com.tr\/#organization\",\"name\":\"Mecaz Bilgisayar Ltd. \u015eti.\",\"url\":\"https:\/\/www.mecaz.com.tr\/\",\"logo\":{\"@type\":\"ImageObject\",\"inLanguage\":\"tr\",\"@id\":\"https:\/\/www.mecaz.com.tr\/#\/schema\/logo\/image\/\",\"url\":\"https:\/\/www.mecaz.com.tr\/wp-content\/uploads\/2019\/04\/boingball-500-e1554896720716.jpg\",\"contentUrl\":\"https:\/\/www.mecaz.com.tr\/wp-content\/uploads\/2019\/04\/boingball-500-e1554896720716.jpg\",\"width\":90,\"height\":90,\"caption\":\"Mecaz Bilgisayar Ltd. \u015eti.\"},\"image\":{\"@id\":\"https:\/\/www.mecaz.com.tr\/#\/schema\/logo\/image\/\"},\"sameAs\":[\"https:\/\/www.facebook.com\/mecazbilgisayar\/\",\"https:\/\/x.com\/MecazBilgisayar\",\"https:\/\/www.youtube.com\/channel\/UC6y1BrX3qqluARl6MX8Ar3Q\"]}]}<\/script>\n<!-- \/ Yoast SEO plugin. -->","yoast_head_json":{"title":"Hakk\u0131m\u0131zda | Mecaz Bilgisayar Ltd. \u015eti.","robots":{"index":"index","follow":"follow","max-snippet":"max-snippet:-1","max-image-preview":"max-image-preview:large","max-video-preview":"max-video-preview:-1"},"canonical":"https:\/\/www.mecaz.com.tr\/index.php\/about\/","og_locale":"tr_TR","og_type":"article","og_title":"Hakk\u0131m\u0131zda | Mecaz Bilgisayar Ltd. \u015eti.","og_description":"Mecaz Ltd. \u015eti. 2008 y\u0131l\u0131nda kuruldu. Ekibimiz ise 1986&#8217;dan bu yana sekt\u00f6rde faaliyet g\u00f6stermekte. 30 y\u0131l\u0131 a\u015fk\u0131n bilgi birikimi ve [&hellip;]","og_url":"https:\/\/www.mecaz.com.tr\/index.php\/about\/","og_site_name":"Mecaz Bilgisayar Ltd. \u015eti.","article_publisher":"https:\/\/www.facebook.com\/mecazbilgisayar\/","article_modified_time":"2020-07-15T14:04:43+00:00","twitter_card":"summary_large_image","twitter_site":"@MecazBilgisayar","twitter_misc":{"Tahmini okuma s\u00fcresi":"1 dakika"},"schema":{"@context":"https:\/\/schema.org","@graph":[{"@type":"WebPage","@id":"https:\/\/www.mecaz.com.tr\/index.php\/about\/","url":"https:\/\/www.mecaz.com.tr\/index.php\/about\/","name":"Hakk\u0131m\u0131zda | Mecaz Bilgisayar Ltd. \u015eti.","isPartOf":{"@id":"https:\/\/www.mecaz.com.tr\/#website"},"datePublished":"2017-01-02T08:36:21+00:00","dateModified":"2020-07-15T14:04:43+00:00","breadcrumb":{"@id":"https:\/\/www.mecaz.com.tr\/index.php\/about\/#breadcrumb"},"inLanguage":"tr","potentialAction":[{"@type":"ReadAction","target":["https:\/\/www.mecaz.com.tr\/index.php\/about\/"]}]},{"@type":"BreadcrumbList","@id":"https:\/\/www.mecaz.com.tr\/index.php\/about\/#breadcrumb","itemListElement":[{"@type":"ListItem","position":1,"name":"Ana sayfa","item":"https:\/\/www.mecaz.com.tr\/"},{"@type":"ListItem","position":2,"name":"Hakk\u0131m\u0131zda"}]},{"@type":"WebSite","@id":"https:\/\/www.mecaz.com.tr\/#website","url":"https:\/\/www.mecaz.com.tr\/","name":"Mecaz Bilgisayar Ltd. \u015eti.","description":"Donan\u0131m &amp; Yaz\u0131l\u0131m &amp; Tasar\u0131m","publisher":{"@id":"https:\/\/www.mecaz.com.tr\/#organization"},"potentialAction":[{"@type":"SearchAction","target":{"@type":"EntryPoint","urlTemplate":"https:\/\/www.mecaz.com.tr\/?s={search_term_string}"},"query-input":{"@type":"PropertyValueSpecification","valueRequired":true,"valueName":"search_term_string"}}],"inLanguage":"tr"},{"@type":"Organization","@id":"https:\/\/www.mecaz.com.tr\/#organization","name":"Mecaz Bilgisayar Ltd. \u015eti.","url":"https:\/\/www.mecaz.com.tr\/","logo":{"@type":"ImageObject","inLanguage":"tr","@id":"https:\/\/www.mecaz.com.tr\/#\/schema\/logo\/image\/","url":"https:\/\/www.mecaz.com.tr\/wp-content\/uploads\/2019\/04\/boingball-500-e1554896720716.jpg","contentUrl":"https:\/\/www.mecaz.com.tr\/wp-content\/uploads\/2019\/04\/boingball-500-e1554896720716.jpg","width":90,"height":90,"caption":"Mecaz Bilgisayar Ltd. \u015eti."},"image":{"@id":"https:\/\/www.mecaz.com.tr\/#\/schema\/logo\/image\/"},"sameAs":["https:\/\/www.facebook.com\/mecazbilgisayar\/","https:\/\/x.com\/MecazBilgisayar","https:\/\/www.youtube.com\/channel\/UC6y1BrX3qqluARl6MX8Ar3Q"]}]}},"_links":{"self":[{"href":"https:\/\/www.mecaz.com.tr\/index.php\/wp-json\/wp\/v2\/pages\/17","targetHints":{"allow":["GET"]}}],"collection":[{"href":"https:\/\/www.mecaz.com.tr\/index.php\/wp-json\/wp\/v2\/pages"}],"about":[{"href":"https:\/\/www.mecaz.com.tr\/index.php\/wp-json\/wp\/v2\/types\/page"}],"author":[{"embeddable":true,"href":"https:\/\/www.mecaz.com.tr\/index.php\/wp-json\/wp\/v2\/users\/1"}],"replies":[{"embeddable":true,"href":"https:\/\/www.mecaz.com.tr\/index.php\/wp-json\/wp\/v2\/comments?post=17"}],"version-history":[{"count":4,"href":"https:\/\/www.mecaz.com.tr\/index.php\/wp-json\/wp\/v2\/pages\/17\/revisions"}],"predecessor-version":[{"id":1286,"href":"https:\/\/www.mecaz.com.tr\/index.php\/wp-json\/wp\/v2\/pages\/17\/revisions\/1286"}],"wp:attachment":[{"href":"https:\/\/www.mecaz.com.tr\/index.php\/wp-json\/wp\/v2\/media?parent=17"}],"curies":[{"name":"wp","href":"https:\/\/api.w.org\/{rel}","templated":true}]}}