{"id":7,"date":"2017-01-02T08:29:18","date_gmt":"2017-01-02T08:29:18","guid":{"rendered":"https:\/\/demo.themegrill.com\/flash-default-2\/?page_id=7"},"modified":"2019-09-25T15:43:50","modified_gmt":"2019-09-25T12:43:50","slug":"layouts","status":"publish","type":"page","link":"https:\/\/www.mecaz.com.tr\/index.php\/layouts\/","title":{"rendered":"Hizmetler"},"content":{"rendered":"\n<p>Mecaz Bilgisayar Limited \u015eirketi olarak bilgisayar, teknoloji ve tasar\u0131m alanlar\u0131nda \u00e7e\u015fitli hizmetler sunmaktay\u0131z. \u015eirketimiz b\u00fcnyesinde yer alan alt olu\u015fumlar ve verdi\u011fimiz hizmetler \u015funlard\u0131r:<\/p>\n\n\n\n<h4 class=\"wp-block-heading\"><img loading=\"lazy\" decoding=\"async\" width=\"16\" height=\"16\" class=\"wp-image-576\" style=\"width: 16px;\" src=\"https:\/\/www.mecaz.com.tr\/wp-content\/uploads\/2019\/04\/mecazlogo-32.png\" alt=\"\"> <strong>Mecaz Bilgisayar<\/strong><\/h4>\n\n\n\n<p>Bilgisayarlar ve elektronik \u00fcr\u00fcnlerin toptan ve perakende sat\u0131\u015f\u0131.<\/p>\n\n\n\n<h4 class=\"wp-block-heading\"><img loading=\"lazy\" decoding=\"async\" width=\"16\" height=\"16\" class=\"wp-image-576\" style=\"width: 16px;\" src=\"https:\/\/www.mecaz.com.tr\/wp-content\/uploads\/2019\/04\/mecazlogo-32.png\" alt=\"\"> <strong>Bilgisayar D\u00fcnyas\u0131<\/strong><\/h4>\n\n\n\n<p>Son kullan\u0131c\u0131ya y\u00f6nelik perakende sat\u0131\u015f ma\u011fazas\u0131.<\/p>\n\n\n\n<h4 class=\"wp-block-heading\"><img loading=\"lazy\" decoding=\"async\" width=\"16\" height=\"16\" class=\"wp-image-576\" style=\"width: 16px;\" src=\"https:\/\/www.mecaz.com.tr\/wp-content\/uploads\/2019\/04\/mecazlogo-32.png\" alt=\"\"> <strong>Mecaz Teknik Servis<\/strong><\/h4>\n\n\n\n<p>Bilgisayar ve donan\u0131m \u00fcr\u00fcnlerinin bak\u0131m ve onar\u0131m hizmetleri.<\/p>\n\n\n\n<h4 class=\"wp-block-heading\"><img loading=\"lazy\" decoding=\"async\" width=\"16\" height=\"16\" class=\"wp-image-576\" style=\"width: 16px;\" src=\"https:\/\/www.mecaz.com.tr\/wp-content\/uploads\/2019\/04\/mecazlogo-32.png\" alt=\"\"> <strong>Mecaz Hosting<\/strong><\/h4>\n\n\n\n<p>Sunucu kiralama, sunucu bar\u0131nd\u0131rma, veritaban\u0131 bar\u0131nd\u0131rma ve web sitesi bar\u0131nd\u0131rma hizmetleri.<\/p>\n\n\n\n<h4 class=\"wp-block-heading\"><img loading=\"lazy\" decoding=\"async\" width=\"16\" height=\"16\" class=\"wp-image-576\" style=\"width: 16px;\" src=\"https:\/\/www.mecaz.com.tr\/wp-content\/uploads\/2019\/04\/mecazlogo-32.png\" alt=\"\"> <strong>Mecaz Tasar\u0131m<\/strong><\/h4>\n\n\n\n<p>Internet sitesi, masa\u00fcst\u00fc ve mobil uygulama, 2D ve 3D grafik tasar\u0131m hizmetleri.<\/p>\n\n\n\n<h4 class=\"wp-block-heading\"><img loading=\"lazy\" decoding=\"async\" width=\"16\" height=\"16\" class=\"wp-image-576\" style=\"width: 16px;\" src=\"https:\/\/www.mecaz.com.tr\/wp-content\/uploads\/2019\/04\/mecazlogo-32.png\" alt=\"\"> <strong>Mecaz Yaz\u0131l\u0131m<\/strong><\/h4>\n\n\n\n<p>Windows, MacOS, Linux, Android ve iOS tabanl\u0131 uygulama geli\u015ftirme hizmetleri.<\/p>\n\n\n\n<h4 class=\"wp-block-heading\"><img loading=\"lazy\" decoding=\"async\" width=\"16\" height=\"16\" class=\"wp-image-576\" style=\"width: 16px;\" src=\"https:\/\/www.mecaz.com.tr\/wp-content\/uploads\/2019\/04\/mecazlogo-32.png\" alt=\"\"> <strong>Aldimseni.com<\/strong><\/h4>\n\n\n\n<p>Online perakende sat\u0131\u015f ma\u011fazas\u0131.<\/p>\n","protected":false},"excerpt":{"rendered":"<p>Mecaz Bilgisayar Limited \u015eirketi olarak bilgisayar, teknoloji ve tasar\u0131m alanlar\u0131nda \u00e7e\u015fitli hizmetler sunmaktay\u0131z. \u015eirketimiz b\u00fcnyesinde yer alan alt olu\u015fumlar ve [&hellip;]<\/p>\n","protected":false},"author":1,"featured_media":0,"parent":0,"menu_order":0,"comment_status":"closed","ping_status":"closed","template":"","meta":{"footnotes":""},"class_list":["post-7","page","type-page","status-publish","hentry"],"yoast_head":"<!-- This site is optimized with the Yoast SEO plugin v26.3 - https:\/\/yoast.com\/wordpress\/plugins\/seo\/ -->\n<title>Hizmetler | Mecaz Bilgisayar Ltd. \u015eti.<\/title>\n<meta name=\"robots\" content=\"index, follow, max-snippet:-1, max-image-preview:large, max-video-preview:-1\" \/>\n<link rel=\"canonical\" href=\"https:\/\/www.mecaz.com.tr\/index.php\/layouts\/\" \/>\n<meta property=\"og:locale\" content=\"tr_TR\" \/>\n<meta property=\"og:type\" content=\"article\" \/>\n<meta property=\"og:title\" content=\"Hizmetler | Mecaz Bilgisayar Ltd. \u015eti.\" \/>\n<meta property=\"og:description\" content=\"Mecaz Bilgisayar Limited \u015eirketi olarak bilgisayar, teknoloji ve tasar\u0131m alanlar\u0131nda \u00e7e\u015fitli hizmetler sunmaktay\u0131z. \u015eirketimiz b\u00fcnyesinde yer alan alt olu\u015fumlar ve [&hellip;]\" \/>\n<meta property=\"og:url\" content=\"https:\/\/www.mecaz.com.tr\/index.php\/layouts\/\" \/>\n<meta property=\"og:site_name\" content=\"Mecaz Bilgisayar Ltd. \u015eti.\" \/>\n<meta property=\"article:publisher\" content=\"https:\/\/www.facebook.com\/mecazbilgisayar\/\" \/>\n<meta property=\"article:modified_time\" content=\"2019-09-25T12:43:50+00:00\" \/>\n<meta property=\"og:image\" content=\"https:\/\/www.mecaz.com.tr\/wp-content\/uploads\/2019\/04\/mecazlogo-32.png\" \/>\n\t<meta property=\"og:image:width\" content=\"32\" \/>\n\t<meta property=\"og:image:height\" content=\"32\" \/>\n\t<meta property=\"og:image:type\" content=\"image\/png\" \/>\n<meta name=\"twitter:card\" content=\"summary_large_image\" \/>\n<meta name=\"twitter:site\" content=\"@MecazBilgisayar\" \/>\n<meta name=\"twitter:label1\" content=\"Tahmini okuma s\u00fcresi\" \/>\n\t<meta name=\"twitter:data1\" content=\"1 dakika\" \/>\n<script type=\"application\/ld+json\" class=\"yoast-schema-graph\">{\"@context\":\"https:\/\/schema.org\",\"@graph\":[{\"@type\":\"WebPage\",\"@id\":\"https:\/\/www.mecaz.com.tr\/index.php\/layouts\/\",\"url\":\"https:\/\/www.mecaz.com.tr\/index.php\/layouts\/\",\"name\":\"Hizmetler | Mecaz Bilgisayar Ltd. \u015eti.\",\"isPartOf\":{\"@id\":\"https:\/\/www.mecaz.com.tr\/#website\"},\"primaryImageOfPage\":{\"@id\":\"https:\/\/www.mecaz.com.tr\/index.php\/layouts\/#primaryimage\"},\"image\":{\"@id\":\"https:\/\/www.mecaz.com.tr\/index.php\/layouts\/#primaryimage\"},\"thumbnailUrl\":\"https:\/\/www.mecaz.com.tr\/wp-content\/uploads\/2019\/04\/mecazlogo-32.png\",\"datePublished\":\"2017-01-02T08:29:18+00:00\",\"dateModified\":\"2019-09-25T12:43:50+00:00\",\"breadcrumb\":{\"@id\":\"https:\/\/www.mecaz.com.tr\/index.php\/layouts\/#breadcrumb\"},\"inLanguage\":\"tr\",\"potentialAction\":[{\"@type\":\"ReadAction\",\"target\":[\"https:\/\/www.mecaz.com.tr\/index.php\/layouts\/\"]}]},{\"@type\":\"ImageObject\",\"inLanguage\":\"tr\",\"@id\":\"https:\/\/www.mecaz.com.tr\/index.php\/layouts\/#primaryimage\",\"url\":\"https:\/\/www.mecaz.com.tr\/wp-content\/uploads\/2019\/04\/mecazlogo-32.png\",\"contentUrl\":\"https:\/\/www.mecaz.com.tr\/wp-content\/uploads\/2019\/04\/mecazlogo-32.png\",\"width\":32,\"height\":32},{\"@type\":\"BreadcrumbList\",\"@id\":\"https:\/\/www.mecaz.com.tr\/index.php\/layouts\/#breadcrumb\",\"itemListElement\":[{\"@type\":\"ListItem\",\"position\":1,\"name\":\"Ana sayfa\",\"item\":\"https:\/\/www.mecaz.com.tr\/\"},{\"@type\":\"ListItem\",\"position\":2,\"name\":\"Hizmetler\"}]},{\"@type\":\"WebSite\",\"@id\":\"https:\/\/www.mecaz.com.tr\/#website\",\"url\":\"https:\/\/www.mecaz.com.tr\/\",\"name\":\"Mecaz Bilgisayar Ltd. \u015eti.\",\"description\":\"Donan\u0131m &amp; Yaz\u0131l\u0131m &amp; Tasar\u0131m\",\"publisher\":{\"@id\":\"https:\/\/www.mecaz.com.tr\/#organization\"},\"potentialAction\":[{\"@type\":\"SearchAction\",\"target\":{\"@type\":\"EntryPoint\",\"urlTemplate\":\"https:\/\/www.mecaz.com.tr\/?s={search_term_string}\"},\"query-input\":{\"@type\":\"PropertyValueSpecification\",\"valueRequired\":true,\"valueName\":\"search_term_string\"}}],\"inLanguage\":\"tr\"},{\"@type\":\"Organization\",\"@id\":\"https:\/\/www.mecaz.com.tr\/#organization\",\"name\":\"Mecaz Bilgisayar Ltd. \u015eti.\",\"url\":\"https:\/\/www.mecaz.com.tr\/\",\"logo\":{\"@type\":\"ImageObject\",\"inLanguage\":\"tr\",\"@id\":\"https:\/\/www.mecaz.com.tr\/#\/schema\/logo\/image\/\",\"url\":\"https:\/\/www.mecaz.com.tr\/wp-content\/uploads\/2019\/04\/boingball-500-e1554896720716.jpg\",\"contentUrl\":\"https:\/\/www.mecaz.com.tr\/wp-content\/uploads\/2019\/04\/boingball-500-e1554896720716.jpg\",\"width\":90,\"height\":90,\"caption\":\"Mecaz Bilgisayar Ltd. \u015eti.\"},\"image\":{\"@id\":\"https:\/\/www.mecaz.com.tr\/#\/schema\/logo\/image\/\"},\"sameAs\":[\"https:\/\/www.facebook.com\/mecazbilgisayar\/\",\"https:\/\/x.com\/MecazBilgisayar\",\"https:\/\/www.youtube.com\/channel\/UC6y1BrX3qqluARl6MX8Ar3Q\"]}]}<\/script>\n<!-- \/ Yoast SEO plugin. -->","yoast_head_json":{"title":"Hizmetler | Mecaz Bilgisayar Ltd. \u015eti.","robots":{"index":"index","follow":"follow","max-snippet":"max-snippet:-1","max-image-preview":"max-image-preview:large","max-video-preview":"max-video-preview:-1"},"canonical":"https:\/\/www.mecaz.com.tr\/index.php\/layouts\/","og_locale":"tr_TR","og_type":"article","og_title":"Hizmetler | Mecaz Bilgisayar Ltd. \u015eti.","og_description":"Mecaz Bilgisayar Limited \u015eirketi olarak bilgisayar, teknoloji ve tasar\u0131m alanlar\u0131nda \u00e7e\u015fitli hizmetler sunmaktay\u0131z. \u015eirketimiz b\u00fcnyesinde yer alan alt olu\u015fumlar ve [&hellip;]","og_url":"https:\/\/www.mecaz.com.tr\/index.php\/layouts\/","og_site_name":"Mecaz Bilgisayar Ltd. \u015eti.","article_publisher":"https:\/\/www.facebook.com\/mecazbilgisayar\/","article_modified_time":"2019-09-25T12:43:50+00:00","og_image":[{"width":32,"height":32,"url":"https:\/\/www.mecaz.com.tr\/wp-content\/uploads\/2019\/04\/mecazlogo-32.png","type":"image\/png"}],"twitter_card":"summary_large_image","twitter_site":"@MecazBilgisayar","twitter_misc":{"Tahmini okuma s\u00fcresi":"1 dakika"},"schema":{"@context":"https:\/\/schema.org","@graph":[{"@type":"WebPage","@id":"https:\/\/www.mecaz.com.tr\/index.php\/layouts\/","url":"https:\/\/www.mecaz.com.tr\/index.php\/layouts\/","name":"Hizmetler | Mecaz Bilgisayar Ltd. \u015eti.","isPartOf":{"@id":"https:\/\/www.mecaz.com.tr\/#website"},"primaryImageOfPage":{"@id":"https:\/\/www.mecaz.com.tr\/index.php\/layouts\/#primaryimage"},"image":{"@id":"https:\/\/www.mecaz.com.tr\/index.php\/layouts\/#primaryimage"},"thumbnailUrl":"https:\/\/www.mecaz.com.tr\/wp-content\/uploads\/2019\/04\/mecazlogo-32.png","datePublished":"2017-01-02T08:29:18+00:00","dateModified":"2019-09-25T12:43:50+00:00","breadcrumb":{"@id":"https:\/\/www.mecaz.com.tr\/index.php\/layouts\/#breadcrumb"},"inLanguage":"tr","potentialAction":[{"@type":"ReadAction","target":["https:\/\/www.mecaz.com.tr\/index.php\/layouts\/"]}]},{"@type":"ImageObject","inLanguage":"tr","@id":"https:\/\/www.mecaz.com.tr\/index.php\/layouts\/#primaryimage","url":"https:\/\/www.mecaz.com.tr\/wp-content\/uploads\/2019\/04\/mecazlogo-32.png","contentUrl":"https:\/\/www.mecaz.com.tr\/wp-content\/uploads\/2019\/04\/mecazlogo-32.png","width":32,"height":32},{"@type":"BreadcrumbList","@id":"https:\/\/www.mecaz.com.tr\/index.php\/layouts\/#breadcrumb","itemListElement":[{"@type":"ListItem","position":1,"name":"Ana sayfa","item":"https:\/\/www.mecaz.com.tr\/"},{"@type":"ListItem","position":2,"name":"Hizmetler"}]},{"@type":"WebSite","@id":"https:\/\/www.mecaz.com.tr\/#website","url":"https:\/\/www.mecaz.com.tr\/","name":"Mecaz Bilgisayar Ltd. \u015eti.","description":"Donan\u0131m &amp; Yaz\u0131l\u0131m &amp; Tasar\u0131m","publisher":{"@id":"https:\/\/www.mecaz.com.tr\/#organization"},"potentialAction":[{"@type":"SearchAction","target":{"@type":"EntryPoint","urlTemplate":"https:\/\/www.mecaz.com.tr\/?s={search_term_string}"},"query-input":{"@type":"PropertyValueSpecification","valueRequired":true,"valueName":"search_term_string"}}],"inLanguage":"tr"},{"@type":"Organization","@id":"https:\/\/www.mecaz.com.tr\/#organization","name":"Mecaz Bilgisayar Ltd. \u015eti.","url":"https:\/\/www.mecaz.com.tr\/","logo":{"@type":"ImageObject","inLanguage":"tr","@id":"https:\/\/www.mecaz.com.tr\/#\/schema\/logo\/image\/","url":"https:\/\/www.mecaz.com.tr\/wp-content\/uploads\/2019\/04\/boingball-500-e1554896720716.jpg","contentUrl":"https:\/\/www.mecaz.com.tr\/wp-content\/uploads\/2019\/04\/boingball-500-e1554896720716.jpg","width":90,"height":90,"caption":"Mecaz Bilgisayar Ltd. \u015eti."},"image":{"@id":"https:\/\/www.mecaz.com.tr\/#\/schema\/logo\/image\/"},"sameAs":["https:\/\/www.facebook.com\/mecazbilgisayar\/","https:\/\/x.com\/MecazBilgisayar","https:\/\/www.youtube.com\/channel\/UC6y1BrX3qqluARl6MX8Ar3Q"]}]}},"_links":{"self":[{"href":"https:\/\/www.mecaz.com.tr\/index.php\/wp-json\/wp\/v2\/pages\/7","targetHints":{"allow":["GET"]}}],"collection":[{"href":"https:\/\/www.mecaz.com.tr\/index.php\/wp-json\/wp\/v2\/pages"}],"about":[{"href":"https:\/\/www.mecaz.com.tr\/index.php\/wp-json\/wp\/v2\/types\/page"}],"author":[{"embeddable":true,"href":"https:\/\/www.mecaz.com.tr\/index.php\/wp-json\/wp\/v2\/users\/1"}],"replies":[{"embeddable":true,"href":"https:\/\/www.mecaz.com.tr\/index.php\/wp-json\/wp\/v2\/comments?post=7"}],"version-history":[{"count":2,"href":"https:\/\/www.mecaz.com.tr\/index.php\/wp-json\/wp\/v2\/pages\/7\/revisions"}],"predecessor-version":[{"id":1193,"href":"https:\/\/www.mecaz.com.tr\/index.php\/wp-json\/wp\/v2\/pages\/7\/revisions\/1193"}],"wp:attachment":[{"href":"https:\/\/www.mecaz.com.tr\/index.php\/wp-json\/wp\/v2\/media?parent=7"}],"curies":[{"name":"wp","href":"https:\/\/api.w.org\/{rel}","templated":true}]}}